{"id":1114,"date":"2015-01-28T18:24:07","date_gmt":"2015-01-28T23:24:07","guid":{"rendered":"https:\/\/ppsdanseold.molecularcodedev.com\/la-compagnie\/partenaires-financiers\/"},"modified":"2016-09-18T21:27:22","modified_gmt":"2016-09-19T01:27:22","slug":"financial-partners","status":"publish","type":"page","link":"https:\/\/ppsdanseold.molecularcodedev.com\/en\/the-company\/financial-partners\/","title":{"rendered":"Financial Partners"},"content":{"rendered":"<h3>PPS Danse is funded by:<\/h3>\n<ul>\n<li><a href=\"http:\/\/www.artsmontreal.org\/en\">CAM &#8211; Montreal Arts Council<\/a>;<\/li>\n<li><a href=\"http:\/\/www.calq.gouv.qc.ca\/index.htm\">CALQ &#8211; Conseil des arts et des lettres du Qu\u00e9bec<\/a>;<\/li>\n<li><a href=\"http:\/\/canadacouncil.ca\/en\">CAC &#8211; Canada Arts Council<\/a>;<\/li>\n<li>Minist\u00e8re de l\u2019\u00c9ducation, du Sport et du Loisir et son programme &#8220;Une \u00e9cole montr\u00e9alaise pour tous&#8221;;<\/li>\n<li>The City of Montreal;<\/li>\n<li>Minist\u00e8re de la Culture, des Communications et de la Condition f\u00e9minine (MCCCF) dans le cadre de l&#8217;Entente sur le d\u00e9veloppement culturel de Montr\u00e9al.<\/li>\n<\/ul>\n","protected":false},"excerpt":{"rendered":"<p>PPS Danse is funded by: CAM &#8211; Montreal Arts Council; CALQ &#8211; Conseil des arts et des lettres du Qu\u00e9bec; CAC &#8211; Canada Arts Council; Minist\u00e8re de l\u2019\u00c9ducation, du Sport et du Loisir et son programme &#8220;Une \u00e9cole montr\u00e9alaise pour tous&#8221;; The City of Montreal; Minist\u00e8re de la Culture, des Communications et de la Condition [&hellip;]<\/p>\n","protected":false},"author":1,"featured_media":0,"parent":1053,"menu_order":0,"comment_status":"closed","ping_status":"closed","template":"","meta":{"footnotes":""},"class_list":["post-1114","page","type-page","status-publish","hentry"],"_links":{"self":[{"href":"https:\/\/ppsdanseold.molecularcodedev.com\/en\/wp-json\/wp\/v2\/pages\/1114","targetHints":{"allow":["GET"]}}],"collection":[{"href":"https:\/\/ppsdanseold.molecularcodedev.com\/en\/wp-json\/wp\/v2\/pages"}],"about":[{"href":"https:\/\/ppsdanseold.molecularcodedev.com\/en\/wp-json\/wp\/v2\/types\/page"}],"author":[{"embeddable":true,"href":"https:\/\/ppsdanseold.molecularcodedev.com\/en\/wp-json\/wp\/v2\/users\/1"}],"replies":[{"embeddable":true,"href":"https:\/\/ppsdanseold.molecularcodedev.com\/en\/wp-json\/wp\/v2\/comments?post=1114"}],"version-history":[{"count":2,"href":"https:\/\/ppsdanseold.molecularcodedev.com\/en\/wp-json\/wp\/v2\/pages\/1114\/revisions"}],"predecessor-version":[{"id":1116,"href":"https:\/\/ppsdanseold.molecularcodedev.com\/en\/wp-json\/wp\/v2\/pages\/1114\/revisions\/1116"}],"up":[{"embeddable":true,"href":"https:\/\/ppsdanseold.molecularcodedev.com\/en\/wp-json\/wp\/v2\/pages\/1053"}],"wp:attachment":[{"href":"https:\/\/ppsdanseold.molecularcodedev.com\/en\/wp-json\/wp\/v2\/media?parent=1114"}],"curies":[{"name":"wp","href":"https:\/\/api.w.org\/{rel}","templated":true}]}}