{"id":1110,"date":"2015-01-28T17:01:35","date_gmt":"2015-01-28T22:01:35","guid":{"rendered":"https:\/\/ppsdanseold.molecularcodedev.com\/la-compagnie\/equipe\/"},"modified":"2018-06-12T15:53:12","modified_gmt":"2018-06-12T19:53:12","slug":"team","status":"publish","type":"page","link":"https:\/\/ppsdanseold.molecularcodedev.com\/en\/the-company\/team\/","title":{"rendered":"Team and agents"},"content":{"rendered":"<h3>PPS Danse<\/h3>\n<ul>\n<li>General and Artistic Director: Pierre-Paul Savoie<\/li>\n<li>General Coordinator: Anne-Val\u00e9rie C\u00f4t\u00e9<\/li>\n<li>Administration: C\u00e9line Lapointe<\/li>\n<li>Bookkeeping: Sylvie Martel<\/li>\n<li>Technical Director: Val\u00e9rie Bourque<\/li>\n<li>Production Director: Benjamin Perreault<\/li>\n<\/ul>\n<h3>Board of Directors\u00a0PPS Danse<\/h3>\n<ul>\n<li>President\u00a0: Christine Cyr<\/li>\n<li>Secretary \/ Treasurer \/ Vice-president : Daniel Lavoie<\/li>\n<li>Vice-president :Pascale Daigle<\/li>\n<li>Officers\u00a0:\u00a0Danielle B\u00e9langer, Fran\u00e7oise Bonnin, Pierre-Paul Savoie, C\u00e9line Thibault<\/li>\n<\/ul>\n<h3>Agents representing PPS Danse<\/h3>\n<ul style=\"margin-top: 20px;\">\n<li>\n<h5>Qu\u00e9bec &#8211; for the production <em>BAGNE<\/em><br \/>\nCanada &#8211; for all Young Audience Productions<\/h5>\n<p>Communication-Diffusion Ginette Ferland<br \/>\nTel. : +1\u00a0 514 &#8211; 523 &#8211;\u00a03994<br \/>\nE-mail\u00a0:\u00a0<a title=\"Courriel Anouk leblanc\" href=\"mailto:netgi@videotron.ca\">netgi@videotron.ca<\/a><\/li>\n<li>\n<h5>Canada &amp;\u00a0International &#8211;\u00a0for the General Public Productions\u00a0<em>Danse Lhasa Danse<\/em>\u00a0and\u00a0<em>BAGNE<\/em><\/h5>\n<p>Menno Plukker<br \/>\nTel.: +1\u00a0 514 &#8211; 524 &#8211; 7119<br \/>\nE-mail:\u00a0<a title=\"Courriel Menno Plukker\" href=\"mailto:menno@mennoplukker.com\">menno@mennoplukker.com<\/a><\/p>\n<h5><\/h5>\n<\/li>\n<\/ul>\n<div class=\"flex_column av_one_full first avia-builder-el-7 el_after_av_heading avia-builder-el-last \"><\/div>\n","protected":false},"excerpt":{"rendered":"<p>PPS Danse General and Artistic Director: Pierre-Paul Savoie General Coordinator: Anne-Val\u00e9rie C\u00f4t\u00e9 Administration: C\u00e9line Lapointe Bookkeeping: Sylvie Martel Technical Director: Val\u00e9rie Bourque Production Director: Benjamin Perreault Board of Directors\u00a0PPS Danse President\u00a0: Christine Cyr Secretary \/ Treasurer \/ Vice-president : Daniel Lavoie Vice-president :Pascale Daigle Officers\u00a0:\u00a0Danielle B\u00e9langer, Fran\u00e7oise Bonnin, Pierre-Paul Savoie, C\u00e9line Thibault Agents representing PPS [&hellip;]<\/p>\n","protected":false},"author":1,"featured_media":0,"parent":1053,"menu_order":0,"comment_status":"closed","ping_status":"closed","template":"","meta":{"footnotes":""},"class_list":["post-1110","page","type-page","status-publish","hentry"],"_links":{"self":[{"href":"https:\/\/ppsdanseold.molecularcodedev.com\/en\/wp-json\/wp\/v2\/pages\/1110","targetHints":{"allow":["GET"]}}],"collection":[{"href":"https:\/\/ppsdanseold.molecularcodedev.com\/en\/wp-json\/wp\/v2\/pages"}],"about":[{"href":"https:\/\/ppsdanseold.molecularcodedev.com\/en\/wp-json\/wp\/v2\/types\/page"}],"author":[{"embeddable":true,"href":"https:\/\/ppsdanseold.molecularcodedev.com\/en\/wp-json\/wp\/v2\/users\/1"}],"replies":[{"embeddable":true,"href":"https:\/\/ppsdanseold.molecularcodedev.com\/en\/wp-json\/wp\/v2\/comments?post=1110"}],"version-history":[{"count":10,"href":"https:\/\/ppsdanseold.molecularcodedev.com\/en\/wp-json\/wp\/v2\/pages\/1110\/revisions"}],"predecessor-version":[{"id":3526,"href":"https:\/\/ppsdanseold.molecularcodedev.com\/en\/wp-json\/wp\/v2\/pages\/1110\/revisions\/3526"}],"up":[{"embeddable":true,"href":"https:\/\/ppsdanseold.molecularcodedev.com\/en\/wp-json\/wp\/v2\/pages\/1053"}],"wp:attachment":[{"href":"https:\/\/ppsdanseold.molecularcodedev.com\/en\/wp-json\/wp\/v2\/media?parent=1110"}],"curies":[{"name":"wp","href":"https:\/\/api.w.org\/{rel}","templated":true}]}}